{"id":845,"date":"2025-04-17T09:47:07","date_gmt":"2025-04-17T09:47:07","guid":{"rendered":"https:\/\/www.floorexporter.com\/?page_id=845"},"modified":"2025-04-17T09:48:45","modified_gmt":"2025-04-17T09:48:45","slug":"wood-floors","status":"publish","type":"page","link":"https:\/\/www.floorexporter.com\/da\/wood-floors\/","title":{"rendered":"Tr\u00e6gulve"},"content":{"rendered":"<div data-elementor-type=\"wp-page\" data-elementor-id=\"845\" class=\"elementor elementor-845\" data-elementor-post-type=\"page\">\n\t\t\t\t\t\t<section class=\"elementor-section elementor-top-section elementor-element elementor-element-5aaeda7 elementor-section-boxed elementor-section-height-default elementor-section-height-default\" data-id=\"5aaeda7\" data-element_type=\"section\" data-e-type=\"section\">\n\t\t\t\t\t\t<div class=\"elementor-container elementor-column-gap-default\">\n\t\t\t\t\t<div class=\"elementor-column elementor-col-100 elementor-top-column elementor-element elementor-element-08f177b\" data-id=\"08f177b\" data-element_type=\"column\" data-e-type=\"column\">\n\t\t\t<div class=\"elementor-widget-wrap elementor-element-populated\">\n\t\t\t\t\t\t<div class=\"elementor-element elementor-element-2e3e0ef elementor-widget elementor-widget-text-editor\" data-id=\"2e3e0ef\" data-element_type=\"widget\" data-e-type=\"widget\" data-widget_type=\"text-editor.default\">\n\t\t\t\t<div class=\"elementor-widget-container\">\n\t\t\t\t\t\t\t\t\t<p class=\"\" data-start=\"48\" data-end=\"283\">Vi har 2 slags tr\u00e6gulve- <strong>konstrueret tr\u00e6planke og kunstparket.<\/strong><\/p><p class=\"\" data-start=\"48\" data-end=\"283\">Vores konstruerede tr\u00e6planker f\u00e5s i en r\u00e6kke forskellige st\u00f8rrelser og tr\u00e6sorter. Til specielle projekter tilbyder vi ogs\u00e5 FSC-certificerede muligheder efter anmodning.<\/p><p class=\"\" data-start=\"285\" data-end=\"469\">Vores kunstparketgulve kommer i en lang r\u00e6kke m\u00f8nstre. Udover vores standarddesigns har du ogs\u00e5 mulighed for at skabe dine egne brugerdefinerede m\u00f8nstre, der passer til din unikke vision.<\/p>\t\t\t\t\t\t\t\t<\/div>\n\t\t\t\t<\/div>\n\t\t\t\t<section class=\"elementor-section elementor-inner-section elementor-element elementor-element-05dfba0 elementor-section-boxed elementor-section-height-default elementor-section-height-default\" data-id=\"05dfba0\" data-element_type=\"section\" data-e-type=\"section\">\n\t\t\t\t\t\t<div class=\"elementor-container elementor-column-gap-default\">\n\t\t\t\t\t<div class=\"elementor-column elementor-col-50 elementor-inner-column elementor-element elementor-element-79bfb10\" data-id=\"79bfb10\" data-element_type=\"column\" data-e-type=\"column\">\n\t\t\t<div class=\"elementor-widget-wrap elementor-element-populated\">\n\t\t\t\t\t\t<div class=\"elementor-element elementor-element-6aa7e23 elementor-widget elementor-widget-image\" data-id=\"6aa7e23\" data-element_type=\"widget\" data-e-type=\"widget\" data-widget_type=\"image.default\">\n\t\t\t\t<div class=\"elementor-widget-container\">\n\t\t\t\t\t\t\t\t\t\t\t\t\t\t\t\t<a href=\"https:\/\/www.floorexporter.com\/da\/engineered-wood-plank\/\">\n\t\t\t\t\t\t\t<img decoding=\"async\" src=\"https:\/\/www.floorexporter.com\/wp-content\/uploads\/elementor\/thumbs\/handcraped_1-qacj3x7a0n5iqcvrzndbqkpl47cdhna5fd9vwmkui8.jpg\" title=\"handcraped_1\" alt=\"handcraped_1\" loading=\"lazy\" \/>\t\t\t\t\t\t\t\t<\/a>\n\t\t\t\t\t\t\t\t\t\t\t\t\t\t\t<\/div>\n\t\t\t\t<\/div>\n\t\t\t\t\t<\/div>\n\t\t<\/div>\n\t\t\t\t<div class=\"elementor-column elementor-col-50 elementor-inner-column elementor-element elementor-element-064e333\" data-id=\"064e333\" data-element_type=\"column\" data-e-type=\"column\">\n\t\t\t<div class=\"elementor-widget-wrap elementor-element-populated\">\n\t\t\t\t\t\t<div class=\"elementor-element elementor-element-3855147 elementor-widget elementor-widget-image\" data-id=\"3855147\" data-element_type=\"widget\" data-e-type=\"widget\" data-widget_type=\"image.default\">\n\t\t\t\t<div class=\"elementor-widget-container\">\n\t\t\t\t\t\t\t\t\t\t\t\t\t\t\t\t<a href=\"https:\/\/www.floorexporter.com\/da\/art-parquet\/\">\n\t\t\t\t\t\t\t<img decoding=\"async\" src=\"https:\/\/www.floorexporter.com\/wp-content\/uploads\/elementor\/thumbs\/Parquet_Pattern_6-qacj3bkzngbxbbr6hw0wn85zgcaxklwboe9pv9gwhc.jpg\" title=\"Parket_m\u00f8nster_6\" alt=\"Parquet_Pattern_6\" loading=\"lazy\" \/>\t\t\t\t\t\t\t\t<\/a>\n\t\t\t\t\t\t\t\t\t\t\t\t\t\t\t<\/div>\n\t\t\t\t<\/div>\n\t\t\t\t\t<\/div>\n\t\t<\/div>\n\t\t\t\t\t<\/div>\n\t\t<\/section>\n\t\t\t\t\t<\/div>\n\t\t<\/div>\n\t\t\t\t\t<\/div>\n\t\t<\/section>\n\t\t\t\t<\/div>","protected":false},"excerpt":{"rendered":"<p>We have 2 kinds of wood floors- engineered wood plank and art parquet. Our engineered wood planks are available in a variety of sizes and wood species. For special projects, we also offer FSC-certified options upon request. Our art parquet flooring comes in a wide range of patterns. In addition to our standard designs, you [&hellip;]<\/p>\n","protected":false},"author":1,"featured_media":0,"parent":0,"menu_order":0,"comment_status":"closed","ping_status":"closed","template":"","meta":{"_uag_custom_page_level_css":"","site-sidebar-layout":"no-sidebar","site-content-layout":"page-builder","ast-site-content-layout":"full-width-container","site-content-style":"default","site-sidebar-style":"default","ast-global-header-display":"","ast-banner-title-visibility":"","ast-main-header-display":"","ast-hfb-above-header-display":"","ast-hfb-below-header-display":"","ast-hfb-mobile-header-display":"","site-post-title":"disabled","ast-breadcrumbs-content":"","ast-featured-img":"disabled","footer-sml-layout":"","ast-disable-related-posts":"","theme-transparent-header-meta":"","adv-header-id-meta":"","stick-header-meta":"","header-above-stick-meta":"","header-main-stick-meta":"","header-below-stick-meta":"","astra-migrate-meta-layouts":"set","ast-page-background-enabled":"default","ast-page-background-meta":{"desktop":{"background-color":"var(--ast-global-color-4)","background-image":"","background-repeat":"repeat","background-position":"center center","background-size":"auto","background-attachment":"scroll","background-type":"","background-media":"","overlay-type":"","overlay-color":"","overlay-opacity":"","overlay-gradient":""},"tablet":{"background-color":"","background-image":"","background-repeat":"repeat","background-position":"center center","background-size":"auto","background-attachment":"scroll","background-type":"","background-media":"","overlay-type":"","overlay-color":"","overlay-opacity":"","overlay-gradient":""},"mobile":{"background-color":"","background-image":"","background-repeat":"repeat","background-position":"center center","background-size":"auto","background-attachment":"scroll","background-type":"","background-media":"","overlay-type":"","overlay-color":"","overlay-opacity":"","overlay-gradient":""}},"ast-content-background-meta":{"desktop":{"background-color":"var(--ast-global-color-5)","background-image":"","background-repeat":"repeat","background-position":"center center","background-size":"auto","background-attachment":"scroll","background-type":"","background-media":"","overlay-type":"","overlay-color":"","overlay-opacity":"","overlay-gradient":""},"tablet":{"background-color":"var(--ast-global-color-5)","background-image":"","background-repeat":"repeat","background-position":"center center","background-size":"auto","background-attachment":"scroll","background-type":"","background-media":"","overlay-type":"","overlay-color":"","overlay-opacity":"","overlay-gradient":""},"mobile":{"background-color":"var(--ast-global-color-5)","background-image":"","background-repeat":"repeat","background-position":"center center","background-size":"auto","background-attachment":"scroll","background-type":"","background-media":"","overlay-type":"","overlay-color":"","overlay-opacity":"","overlay-gradient":""}},"footnotes":""},"class_list":["post-845","page","type-page","status-publish","hentry"],"uagb_featured_image_src":{"full":false,"thumbnail":false,"medium":false,"medium_large":false,"large":false,"1536x1536":false,"2048x2048":false,"trp-custom-language-flag":false},"uagb_author_info":{"display_name":"floorexporter","author_link":"https:\/\/www.floorexporter.com\/da\/author\/floorexporter\/"},"uagb_comment_info":0,"uagb_excerpt":"We have 2 kinds of wood floors- engineered wood plank and art parquet. Our engineered wood planks are available in a variety of sizes and wood species. For special projects, we also offer FSC-certified options upon request. Our art parquet flooring comes in a wide range of patterns. In addition to our standard designs, you&hellip;","_links":{"self":[{"href":"https:\/\/www.floorexporter.com\/da\/wp-json\/wp\/v2\/pages\/845","targetHints":{"allow":["GET"]}}],"collection":[{"href":"https:\/\/www.floorexporter.com\/da\/wp-json\/wp\/v2\/pages"}],"about":[{"href":"https:\/\/www.floorexporter.com\/da\/wp-json\/wp\/v2\/types\/page"}],"author":[{"embeddable":true,"href":"https:\/\/www.floorexporter.com\/da\/wp-json\/wp\/v2\/users\/1"}],"replies":[{"embeddable":true,"href":"https:\/\/www.floorexporter.com\/da\/wp-json\/wp\/v2\/comments?post=845"}],"version-history":[{"count":7,"href":"https:\/\/www.floorexporter.com\/da\/wp-json\/wp\/v2\/pages\/845\/revisions"}],"predecessor-version":[{"id":852,"href":"https:\/\/www.floorexporter.com\/da\/wp-json\/wp\/v2\/pages\/845\/revisions\/852"}],"wp:attachment":[{"href":"https:\/\/www.floorexporter.com\/da\/wp-json\/wp\/v2\/media?parent=845"}],"curies":[{"name":"wp","href":"https:\/\/api.w.org\/{rel}","templated":true}]}}