{"id":914,"date":"2025-04-22T07:23:43","date_gmt":"2025-04-22T07:23:43","guid":{"rendered":"https:\/\/www.floorexporter.com\/?page_id=914"},"modified":"2025-04-22T07:30:55","modified_gmt":"2025-04-22T07:30:55","slug":"vspc-floors","status":"publish","type":"page","link":"https:\/\/www.floorexporter.com\/fr\/vspc-floors\/","title":{"rendered":"Sols VSPC"},"content":{"rendered":"<div data-elementor-type=\"wp-page\" data-elementor-id=\"914\" class=\"elementor elementor-914\" data-elementor-post-type=\"page\">\n\t\t\t\t\t\t<section class=\"elementor-section elementor-top-section elementor-element elementor-element-5aaeda7 elementor-section-boxed elementor-section-height-default elementor-section-height-default\" data-id=\"5aaeda7\" data-element_type=\"section\" data-e-type=\"section\">\n\t\t\t\t\t\t<div class=\"elementor-container elementor-column-gap-default\">\n\t\t\t\t\t<div class=\"elementor-column elementor-col-100 elementor-top-column elementor-element elementor-element-08f177b\" data-id=\"08f177b\" data-element_type=\"column\" data-e-type=\"column\">\n\t\t\t<div class=\"elementor-widget-wrap elementor-element-populated\">\n\t\t\t\t\t\t<div class=\"elementor-element elementor-element-2e3e0ef elementor-widget elementor-widget-text-editor\" data-id=\"2e3e0ef\" data-element_type=\"widget\" data-e-type=\"widget\" data-widget_type=\"text-editor.default\">\n\t\t\t\t<div class=\"elementor-widget-container\">\n\t\t\t\t\t\t\t\t\t<p class=\"\" data-start=\"48\" data-end=\"283\">Les rev\u00eatements de sol VSPC comprennent 2 types de sols : <strong>Rev\u00eatements de sol BSPC et WPSC.<\/strong><\/p><p class=\"\" data-start=\"285\" data-end=\"469\">Il s&#039;agit de la derni\u00e8re r\u00e9volution en mati\u00e8re de rev\u00eatements de sol. La couche sup\u00e9rieure du rev\u00eatement VSPC est en placage de bois v\u00e9ritable, ce qui lui conf\u00e8re un aspect naturel et \u00e9l\u00e9gant. De nombreux traitements de surface, similaires \u00e0 ceux des parquets en bois, sont disponibles\u00a0: vernis UV, bross\u00e9, gratt\u00e9 \u00e0 la main, teint\u00e9, etc.\u00a0<\/p>\t\t\t\t\t\t\t\t<\/div>\n\t\t\t\t<\/div>\n\t\t\t\t<section class=\"elementor-section elementor-inner-section elementor-element elementor-element-05dfba0 elementor-section-boxed elementor-section-height-default elementor-section-height-default\" data-id=\"05dfba0\" data-element_type=\"section\" data-e-type=\"section\">\n\t\t\t\t\t\t<div class=\"elementor-container elementor-column-gap-default\">\n\t\t\t\t\t<div class=\"elementor-column elementor-col-50 elementor-inner-column elementor-element elementor-element-79bfb10\" data-id=\"79bfb10\" data-element_type=\"column\" data-e-type=\"column\">\n\t\t\t<div class=\"elementor-widget-wrap elementor-element-populated\">\n\t\t\t\t\t\t<div class=\"elementor-element elementor-element-6aa7e23 elementor-widget elementor-widget-image\" data-id=\"6aa7e23\" data-element_type=\"widget\" data-e-type=\"widget\" data-widget_type=\"image.default\">\n\t\t\t\t<div class=\"elementor-widget-container\">\n\t\t\t\t\t\t\t\t\t\t\t\t\t\t\t\t<a href=\"https:\/\/www.floorexporter.com\/fr\/wspc-flooring\/\">\n\t\t\t\t\t\t\t<img decoding=\"async\" src=\"https:\/\/www.floorexporter.com\/wp-content\/uploads\/elementor\/thumbs\/Oak_SPC_Floor_Grey_White_Washed_Color-r4ptp1munexb53bqvwv7pzrkcgmk6da8oe9ys7aquo.jpg\" title=\"Ch\u00eane_SPC_Parquet_Gris_Blanc_Lav\u00e9_Couleur\" alt=\"Oak_SPC_Floor_Grey_White_Washed_Color\" loading=\"lazy\" \/>\t\t\t\t\t\t\t\t<\/a>\n\t\t\t\t\t\t\t\t\t\t\t\t\t\t\t<\/div>\n\t\t\t\t<\/div>\n\t\t\t\t\t<\/div>\n\t\t<\/div>\n\t\t\t\t<div class=\"elementor-column elementor-col-50 elementor-inner-column elementor-element elementor-element-064e333\" data-id=\"064e333\" data-element_type=\"column\" data-e-type=\"column\">\n\t\t\t<div class=\"elementor-widget-wrap elementor-element-populated\">\n\t\t\t\t\t\t<div class=\"elementor-element elementor-element-3855147 elementor-widget elementor-widget-image\" data-id=\"3855147\" data-element_type=\"widget\" data-e-type=\"widget\" data-widget_type=\"image.default\">\n\t\t\t\t<div class=\"elementor-widget-container\">\n\t\t\t\t\t\t\t\t\t\t\t\t\t\t\t\t<a href=\"https:\/\/www.floorexporter.com\/fr\/bspc-flooring\/\">\n\t\t\t\t\t\t\t<img decoding=\"async\" src=\"https:\/\/www.floorexporter.com\/wp-content\/uploads\/elementor\/thumbs\/Color-2_BSPC_floor-r4j9g9x5o0jbc8z8rogjc54q0vjyshxrdozr6helio.jpg\" title=\"Couleur 2_BSPC_floor\" alt=\"Color 2_BSPC_floor\" loading=\"lazy\" \/>\t\t\t\t\t\t\t\t<\/a>\n\t\t\t\t\t\t\t\t\t\t\t\t\t\t\t<\/div>\n\t\t\t\t<\/div>\n\t\t\t\t\t<\/div>\n\t\t<\/div>\n\t\t\t\t\t<\/div>\n\t\t<\/section>\n\t\t\t\t\t<\/div>\n\t\t<\/div>\n\t\t\t\t\t<\/div>\n\t\t<\/section>\n\t\t\t\t<\/div>","protected":false},"excerpt":{"rendered":"<p>VSPC flooring includes 2 kinds of floors- BSPC and WPSC flooring. It&#8217;s the latest revolution in flooring construction. The top layer of VSPC flooring is real wood veneers that give it a natural and beautiful look. There are many surface treatments as same as wood flooring like UV coating, wire brushed, handscraped, stained colors and [&hellip;]<\/p>\n","protected":false},"author":1,"featured_media":0,"parent":0,"menu_order":0,"comment_status":"closed","ping_status":"closed","template":"","meta":{"_uag_custom_page_level_css":"","site-sidebar-layout":"no-sidebar","site-content-layout":"page-builder","ast-site-content-layout":"full-width-container","site-content-style":"default","site-sidebar-style":"default","ast-global-header-display":"","ast-banner-title-visibility":"","ast-main-header-display":"","ast-hfb-above-header-display":"","ast-hfb-below-header-display":"","ast-hfb-mobile-header-display":"","site-post-title":"disabled","ast-breadcrumbs-content":"","ast-featured-img":"disabled","footer-sml-layout":"","ast-disable-related-posts":"","theme-transparent-header-meta":"","adv-header-id-meta":"","stick-header-meta":"","header-above-stick-meta":"","header-main-stick-meta":"","header-below-stick-meta":"","astra-migrate-meta-layouts":"set","ast-page-background-enabled":"default","ast-page-background-meta":{"desktop":{"background-color":"var(--ast-global-color-4)","background-image":"","background-repeat":"repeat","background-position":"center center","background-size":"auto","background-attachment":"scroll","background-type":"","background-media":"","overlay-type":"","overlay-color":"","overlay-opacity":"","overlay-gradient":""},"tablet":{"background-color":"","background-image":"","background-repeat":"repeat","background-position":"center center","background-size":"auto","background-attachment":"scroll","background-type":"","background-media":"","overlay-type":"","overlay-color":"","overlay-opacity":"","overlay-gradient":""},"mobile":{"background-color":"","background-image":"","background-repeat":"repeat","background-position":"center center","background-size":"auto","background-attachment":"scroll","background-type":"","background-media":"","overlay-type":"","overlay-color":"","overlay-opacity":"","overlay-gradient":""}},"ast-content-background-meta":{"desktop":{"background-color":"var(--ast-global-color-5)","background-image":"","background-repeat":"repeat","background-position":"center center","background-size":"auto","background-attachment":"scroll","background-type":"","background-media":"","overlay-type":"","overlay-color":"","overlay-opacity":"","overlay-gradient":""},"tablet":{"background-color":"var(--ast-global-color-5)","background-image":"","background-repeat":"repeat","background-position":"center center","background-size":"auto","background-attachment":"scroll","background-type":"","background-media":"","overlay-type":"","overlay-color":"","overlay-opacity":"","overlay-gradient":""},"mobile":{"background-color":"var(--ast-global-color-5)","background-image":"","background-repeat":"repeat","background-position":"center center","background-size":"auto","background-attachment":"scroll","background-type":"","background-media":"","overlay-type":"","overlay-color":"","overlay-opacity":"","overlay-gradient":""}},"footnotes":""},"class_list":["post-914","page","type-page","status-publish","hentry"],"uagb_featured_image_src":{"full":false,"thumbnail":false,"medium":false,"medium_large":false,"large":false,"1536x1536":false,"2048x2048":false,"trp-custom-language-flag":false},"uagb_author_info":{"display_name":"floorexporter","author_link":"https:\/\/www.floorexporter.com\/fr\/author\/floorexporter\/"},"uagb_comment_info":0,"uagb_excerpt":"VSPC flooring includes 2 kinds of floors- BSPC and WPSC flooring. It&#8217;s the latest revolution in flooring construction. The top layer of VSPC flooring is real wood veneers that give it a natural and beautiful look. There are many surface treatments as same as wood flooring like UV coating, wire brushed, handscraped, stained colors and\u2026","_links":{"self":[{"href":"https:\/\/www.floorexporter.com\/fr\/wp-json\/wp\/v2\/pages\/914","targetHints":{"allow":["GET"]}}],"collection":[{"href":"https:\/\/www.floorexporter.com\/fr\/wp-json\/wp\/v2\/pages"}],"about":[{"href":"https:\/\/www.floorexporter.com\/fr\/wp-json\/wp\/v2\/types\/page"}],"author":[{"embeddable":true,"href":"https:\/\/www.floorexporter.com\/fr\/wp-json\/wp\/v2\/users\/1"}],"replies":[{"embeddable":true,"href":"https:\/\/www.floorexporter.com\/fr\/wp-json\/wp\/v2\/comments?post=914"}],"version-history":[{"count":6,"href":"https:\/\/www.floorexporter.com\/fr\/wp-json\/wp\/v2\/pages\/914\/revisions"}],"predecessor-version":[{"id":920,"href":"https:\/\/www.floorexporter.com\/fr\/wp-json\/wp\/v2\/pages\/914\/revisions\/920"}],"wp:attachment":[{"href":"https:\/\/www.floorexporter.com\/fr\/wp-json\/wp\/v2\/media?parent=914"}],"curies":[{"name":"wp","href":"https:\/\/api.w.org\/{rel}","templated":true}]}}