{"id":914,"date":"2025-04-22T07:23:43","date_gmt":"2025-04-22T07:23:43","guid":{"rendered":"https:\/\/www.floorexporter.com\/?page_id=914"},"modified":"2025-04-22T07:30:55","modified_gmt":"2025-04-22T07:30:55","slug":"vspc-floors","status":"publish","type":"page","link":"https:\/\/www.floorexporter.com\/tr\/vspc-floors\/","title":{"rendered":"VSPC Zeminler"},"content":{"rendered":"<div data-elementor-type=\"wp-page\" data-elementor-id=\"914\" class=\"elementor elementor-914\" data-elementor-post-type=\"page\">\n\t\t\t\t\t\t<section class=\"elementor-section elementor-top-section elementor-element elementor-element-5aaeda7 elementor-section-boxed elementor-section-height-default elementor-section-height-default\" data-id=\"5aaeda7\" data-element_type=\"section\" data-e-type=\"section\">\n\t\t\t\t\t\t<div class=\"elementor-container elementor-column-gap-default\">\n\t\t\t\t\t<div class=\"elementor-column elementor-col-100 elementor-top-column elementor-element elementor-element-08f177b\" data-id=\"08f177b\" data-element_type=\"column\" data-e-type=\"column\">\n\t\t\t<div class=\"elementor-widget-wrap elementor-element-populated\">\n\t\t\t\t\t\t<div class=\"elementor-element elementor-element-2e3e0ef elementor-widget elementor-widget-text-editor\" data-id=\"2e3e0ef\" data-element_type=\"widget\" data-e-type=\"widget\" data-widget_type=\"text-editor.default\">\n\t\t\t\t<div class=\"elementor-widget-container\">\n\t\t\t\t\t\t\t\t\t<p class=\"\" data-start=\"48\" data-end=\"283\">VSPC d\u00f6\u015feme 2 t\u00fcr d\u00f6\u015femeyi i\u00e7erir: <strong>BSPC ve WPSC d\u00f6\u015feme.<\/strong><\/p><p class=\"\" data-start=\"285\" data-end=\"469\">Zemin d\u00f6\u015feme yap\u0131m\u0131ndaki son devrimdir. VSPC zemin d\u00f6\u015femesinin en \u00fcst katman\u0131, ona do\u011fal ve g\u00fczel bir g\u00f6r\u00fcn\u00fcm kazand\u0131ran ger\u00e7ek ah\u015fap kaplamalard\u0131r. UV kaplama, tel f\u0131r\u00e7alama, elle kaz\u0131nm\u0131\u015f, lekeli renkler vb. gibi ah\u015fap zemin d\u00f6\u015femesiyle ayn\u0131 bir\u00e7ok y\u00fczey i\u015flemi vard\u0131r.\u00a0<\/p>\t\t\t\t\t\t\t\t<\/div>\n\t\t\t\t<\/div>\n\t\t\t\t<section class=\"elementor-section elementor-inner-section elementor-element elementor-element-05dfba0 elementor-section-boxed elementor-section-height-default elementor-section-height-default\" data-id=\"05dfba0\" data-element_type=\"section\" data-e-type=\"section\">\n\t\t\t\t\t\t<div class=\"elementor-container elementor-column-gap-default\">\n\t\t\t\t\t<div class=\"elementor-column elementor-col-50 elementor-inner-column elementor-element elementor-element-79bfb10\" data-id=\"79bfb10\" data-element_type=\"column\" data-e-type=\"column\">\n\t\t\t<div class=\"elementor-widget-wrap elementor-element-populated\">\n\t\t\t\t\t\t<div class=\"elementor-element elementor-element-6aa7e23 elementor-widget elementor-widget-image\" data-id=\"6aa7e23\" data-element_type=\"widget\" data-e-type=\"widget\" data-widget_type=\"image.default\">\n\t\t\t\t<div class=\"elementor-widget-container\">\n\t\t\t\t\t\t\t\t\t\t\t\t\t\t\t\t<a href=\"https:\/\/www.floorexporter.com\/tr\/wspc-flooring\/\">\n\t\t\t\t\t\t\t<img decoding=\"async\" src=\"https:\/\/www.floorexporter.com\/wp-content\/uploads\/elementor\/thumbs\/Oak_SPC_Floor_Grey_White_Washed_Color-r4ptp1munexb53bqvwv7pzrkcgmk6da8oe9ys7aquo.jpg\" title=\"Me\u015fe_SPC_Zemin_Gri_Beyaz_Y\u0131kanm\u0131\u015f_Renk\" alt=\"Oak_SPC_Floor_Grey_White_Washed_Color\" loading=\"lazy\" \/>\t\t\t\t\t\t\t\t<\/a>\n\t\t\t\t\t\t\t\t\t\t\t\t\t\t\t<\/div>\n\t\t\t\t<\/div>\n\t\t\t\t\t<\/div>\n\t\t<\/div>\n\t\t\t\t<div class=\"elementor-column elementor-col-50 elementor-inner-column elementor-element elementor-element-064e333\" data-id=\"064e333\" data-element_type=\"column\" data-e-type=\"column\">\n\t\t\t<div class=\"elementor-widget-wrap elementor-element-populated\">\n\t\t\t\t\t\t<div class=\"elementor-element elementor-element-3855147 elementor-widget elementor-widget-image\" data-id=\"3855147\" data-element_type=\"widget\" data-e-type=\"widget\" data-widget_type=\"image.default\">\n\t\t\t\t<div class=\"elementor-widget-container\">\n\t\t\t\t\t\t\t\t\t\t\t\t\t\t\t\t<a href=\"https:\/\/www.floorexporter.com\/tr\/bspc-flooring\/\">\n\t\t\t\t\t\t\t<img decoding=\"async\" src=\"https:\/\/www.floorexporter.com\/wp-content\/uploads\/elementor\/thumbs\/Color-2_BSPC_floor-r4j9g9x5o0jbc8z8rogjc54q0vjyshxrdozr6helio.jpg\" title=\"Renk 2_BSPC_kat\" alt=\"Color 2_BSPC_floor\" loading=\"lazy\" \/>\t\t\t\t\t\t\t\t<\/a>\n\t\t\t\t\t\t\t\t\t\t\t\t\t\t\t<\/div>\n\t\t\t\t<\/div>\n\t\t\t\t\t<\/div>\n\t\t<\/div>\n\t\t\t\t\t<\/div>\n\t\t<\/section>\n\t\t\t\t\t<\/div>\n\t\t<\/div>\n\t\t\t\t\t<\/div>\n\t\t<\/section>\n\t\t\t\t<\/div>","protected":false},"excerpt":{"rendered":"<p>VSPC flooring includes 2 kinds of floors- BSPC and WPSC flooring. It&#8217;s the latest revolution in flooring construction. The top layer of VSPC flooring is real wood veneers that give it a natural and beautiful look. There are many surface treatments as same as wood flooring like UV coating, wire brushed, handscraped, stained colors and [&hellip;]<\/p>\n","protected":false},"author":1,"featured_media":0,"parent":0,"menu_order":0,"comment_status":"closed","ping_status":"closed","template":"","meta":{"_uag_custom_page_level_css":"","site-sidebar-layout":"no-sidebar","site-content-layout":"page-builder","ast-site-content-layout":"full-width-container","site-content-style":"default","site-sidebar-style":"default","ast-global-header-display":"","ast-banner-title-visibility":"","ast-main-header-display":"","ast-hfb-above-header-display":"","ast-hfb-below-header-display":"","ast-hfb-mobile-header-display":"","site-post-title":"disabled","ast-breadcrumbs-content":"","ast-featured-img":"disabled","footer-sml-layout":"","ast-disable-related-posts":"","theme-transparent-header-meta":"","adv-header-id-meta":"","stick-header-meta":"","header-above-stick-meta":"","header-main-stick-meta":"","header-below-stick-meta":"","astra-migrate-meta-layouts":"set","ast-page-background-enabled":"default","ast-page-background-meta":{"desktop":{"background-color":"var(--ast-global-color-4)","background-image":"","background-repeat":"repeat","background-position":"center center","background-size":"auto","background-attachment":"scroll","background-type":"","background-media":"","overlay-type":"","overlay-color":"","overlay-opacity":"","overlay-gradient":""},"tablet":{"background-color":"","background-image":"","background-repeat":"repeat","background-position":"center center","background-size":"auto","background-attachment":"scroll","background-type":"","background-media":"","overlay-type":"","overlay-color":"","overlay-opacity":"","overlay-gradient":""},"mobile":{"background-color":"","background-image":"","background-repeat":"repeat","background-position":"center center","background-size":"auto","background-attachment":"scroll","background-type":"","background-media":"","overlay-type":"","overlay-color":"","overlay-opacity":"","overlay-gradient":""}},"ast-content-background-meta":{"desktop":{"background-color":"var(--ast-global-color-5)","background-image":"","background-repeat":"repeat","background-position":"center center","background-size":"auto","background-attachment":"scroll","background-type":"","background-media":"","overlay-type":"","overlay-color":"","overlay-opacity":"","overlay-gradient":""},"tablet":{"background-color":"var(--ast-global-color-5)","background-image":"","background-repeat":"repeat","background-position":"center center","background-size":"auto","background-attachment":"scroll","background-type":"","background-media":"","overlay-type":"","overlay-color":"","overlay-opacity":"","overlay-gradient":""},"mobile":{"background-color":"var(--ast-global-color-5)","background-image":"","background-repeat":"repeat","background-position":"center center","background-size":"auto","background-attachment":"scroll","background-type":"","background-media":"","overlay-type":"","overlay-color":"","overlay-opacity":"","overlay-gradient":""}},"footnotes":""},"class_list":["post-914","page","type-page","status-publish","hentry"],"uagb_featured_image_src":{"full":false,"thumbnail":false,"medium":false,"medium_large":false,"large":false,"1536x1536":false,"2048x2048":false,"trp-custom-language-flag":false},"uagb_author_info":{"display_name":"floorexporter","author_link":"https:\/\/www.floorexporter.com\/tr\/author\/floorexporter\/"},"uagb_comment_info":0,"uagb_excerpt":"VSPC flooring includes 2 kinds of floors- BSPC and WPSC flooring. It&#8217;s the latest revolution in flooring construction. The top layer of VSPC flooring is real wood veneers that give it a natural and beautiful look. There are many surface treatments as same as wood flooring like UV coating, wire brushed, handscraped, stained colors and&hellip;","_links":{"self":[{"href":"https:\/\/www.floorexporter.com\/tr\/wp-json\/wp\/v2\/pages\/914","targetHints":{"allow":["GET"]}}],"collection":[{"href":"https:\/\/www.floorexporter.com\/tr\/wp-json\/wp\/v2\/pages"}],"about":[{"href":"https:\/\/www.floorexporter.com\/tr\/wp-json\/wp\/v2\/types\/page"}],"author":[{"embeddable":true,"href":"https:\/\/www.floorexporter.com\/tr\/wp-json\/wp\/v2\/users\/1"}],"replies":[{"embeddable":true,"href":"https:\/\/www.floorexporter.com\/tr\/wp-json\/wp\/v2\/comments?post=914"}],"version-history":[{"count":6,"href":"https:\/\/www.floorexporter.com\/tr\/wp-json\/wp\/v2\/pages\/914\/revisions"}],"predecessor-version":[{"id":920,"href":"https:\/\/www.floorexporter.com\/tr\/wp-json\/wp\/v2\/pages\/914\/revisions\/920"}],"wp:attachment":[{"href":"https:\/\/www.floorexporter.com\/tr\/wp-json\/wp\/v2\/media?parent=914"}],"curies":[{"name":"wp","href":"https:\/\/api.w.org\/{rel}","templated":true}]}}